{"id":798,"date":"2023-02-28T10:18:12","date_gmt":"2023-02-28T09:18:12","guid":{"rendered":"https:\/\/restaurantelasirenaverde.com\/legal-notice\/"},"modified":"2023-02-28T10:18:12","modified_gmt":"2023-02-28T09:18:12","slug":"legal-notice","status":"publish","type":"page","link":"https:\/\/restaurantelasirenaverde.com\/en\/legal-notice\/","title":{"rendered":"Legal notice"},"content":{"rendered":"\t\t<div data-elementor-type=\"wp-page\" data-elementor-id=\"798\" class=\"elementor elementor-798 elementor-322\" data-elementor-post-type=\"page\">\n\t\t\t\t\t\t<section class=\"elementor-section elementor-top-section elementor-element elementor-element-1c98681 elementor-section-boxed elementor-section-height-default elementor-section-height-default\" data-id=\"1c98681\" data-element_type=\"section\" data-e-type=\"section\">\n\t\t\t\t\t\t<div class=\"elementor-container elementor-column-gap-default\">\n\t\t\t\t\t<div class=\"elementor-column elementor-col-100 elementor-top-column elementor-element elementor-element-f748863\" data-id=\"f748863\" data-element_type=\"column\" data-e-type=\"column\">\n\t\t\t<div class=\"elementor-widget-wrap elementor-element-populated\">\n\t\t\t\t\t\t<div class=\"elementor-element elementor-element-0b888fc elementor-widget elementor-widget-heading\" data-id=\"0b888fc\" data-element_type=\"widget\" data-e-type=\"widget\" data-widget_type=\"heading.default\">\n\t\t\t\t<div class=\"elementor-widget-container\">\n\t\t\t\t\t<h1 class=\"elementor-heading-title elementor-size-default\">Legal notice<\/h1>\t\t\t\t<\/div>\n\t\t\t\t<\/div>\n\t\t\t\t<div class=\"elementor-element elementor-element-44e2297 elementor-widget-divider--view-line elementor-widget elementor-widget-divider\" data-id=\"44e2297\" data-element_type=\"widget\" data-e-type=\"widget\" data-widget_type=\"divider.default\">\n\t\t\t\t<div class=\"elementor-widget-container\">\n\t\t\t\t\t\t\t<div class=\"elementor-divider\">\n\t\t\t<span class=\"elementor-divider-separator\">\n\t\t\t\t\t\t<\/span>\n\t\t<\/div>\n\t\t\t\t\t\t<\/div>\n\t\t\t\t<\/div>\n\t\t\t\t<div class=\"elementor-element elementor-element-ae098bc elementor-widget elementor-widget-text-editor\" data-id=\"ae098bc\" data-element_type=\"widget\" data-e-type=\"widget\" data-widget_type=\"text-editor.default\">\n\t\t\t\t<div class=\"elementor-widget-container\">\n\t\t\t\t\t\t\t\t\t<p style=\"text-align: left;\"><span style=\"font-weight: 400;\">En cumplimiento de lo previsto en la Ley 34\/2002, de 11 de julio, de Servicios de la Sociedad de la Informaci\u00f3n y de Comercio Electr\u00f3nico y dem\u00e1s normativa aplicable, se establece que la p\u00e1gina web localizable bajo el dominio <a href=\"https:\/\/restaurantelasirenaverde.com\/en\/\">https:\/\/restaurantelasirenaverde.com <\/a> <\/span><span style=\"font-weight: 400;\">(en adelante, la \u201cWeb\u201d), es propiedad de \u201cDRUG STORE GRAN VIA, S.L.\u201d, (en adelante, \u201c<\/span><b>LA SIRENA VERDE<\/b><span style=\"font-weight: 400;\">\u201d), con domicilio en calle Gran V\u00eda, 62, 28013 Madrid (Espa\u00f1a), constituida por tiempo indefinido en virtud de escritura p\u00fablica e inscrita en el Registro Mercantil de Madrid al Tomo 7.998, Folio 134, Hoja M-129201, N.I.F. n\u00famero A-28178838. <\/span><\/p>\n<h4 style=\"text-align: left;\"><b>ACCESO Y ACEPTACI\u00d3N DE LAS CONDICIONES GENERALES DE USO<\/b><\/h4>\n<p style=\"text-align: left;\"><span style=\"font-weight: 400;\">Las presentes condiciones generales regulan el uso de la Web, as\u00ed como de los contenidos que se presentan en ella. El solo acceso a la Web implica la aceptaci\u00f3n de las presentes condiciones generales que regulan su uso. En este sentido, <\/span><b>LA SIRENA VERDE<\/b> <span style=\"font-weight: 400;\">recomienda al usuario de la Web leer detenidamente estas condiciones generales de uso y la <\/span><span style=\"font-weight: 400;\">Pol\u00edtica de Privacidad<\/span><span style=\"font-weight: 400;\">.<\/span><\/p>\n<p style=\"text-align: left;\"><span style=\"font-weight: 400;\">A los efectos de interpretaci\u00f3n del presente documento, entendemos que una persona pasa a ser usuaria de la Web, bastando para ello, el solo acceso a la Web. <\/span><\/p>\n<p style=\"text-align: left;\"><span style=\"font-weight: 400;\">Para acceder a alguno de los servicios ofrecidos a trav\u00e9s de la Web, el usuario deber\u00e1 proporcionar previamente algunos datos de car\u00e1cter personal. <\/span><b>LA SIRENA VERDE<\/b> <span style=\"font-weight: 400;\">tratar\u00e1 estos datos personales conforme a las condiciones publicadas en su Pol\u00edtica de Privacidad.<\/span><\/p>\n<p style=\"text-align: left;\"><b>LA SIRENA VERDE<\/b> <span style=\"font-weight: 400;\">se reserva el derecho a modificar las condiciones generales de uso aqu\u00ed estipuladas, total o parcialmente. El acceso y utilizaci\u00f3n de los contenidos de la Web tras la entrada en vigor de sus modificaciones o cambios suponen la aceptaci\u00f3n a los mismos.<\/span><\/p>\n<h4 style=\"text-align: left;\"><b>RESPONSABILIDAD DEL USO DE LA WEB<\/b><\/h4>\n<p style=\"text-align: left;\"><span style=\"font-weight: 400;\">El usuario de la Web hace uso del mismo bajo su exclusiva responsabilidad, por lo cual <\/span><b>LA SIRENA VERDE<\/b><span style=\"font-weight: 400;\">, no se hace responsable de eventuales da\u00f1os (en <\/span><i><span style=\"font-weight: 400;\">software<\/span><\/i><span style=\"font-weight: 400;\"> o <\/span><i><span style=\"font-weight: 400;\">hardware<\/span><\/i><span style=\"font-weight: 400;\">) que pudiera sufrir el usuario de la Web al utilizar el mismo bien por la simple navegaci\u00f3n a trav\u00e9s de sus contenidos, o por la descarga de archivos que se muestren a su disposici\u00f3n.<\/span><\/p>\n<p style=\"text-align: left;\"><b>LA SIRENA VERDE<\/b><span style=\"font-weight: 400;\">, no se hace responsable por defectos en la navegaci\u00f3n a trav\u00e9s de la Web ni tampoco por la eventual interrupci\u00f3n del funcionamiento de la misma, bien por motivos t\u00e9cnicos, fallos en el <\/span><i><span style=\"font-weight: 400;\">software<\/span><\/i><span style=\"font-weight: 400;\">, servidores, etc.<\/span><\/p>\n<p style=\"text-align: left;\"><span style=\"font-weight: 400;\">No est\u00e1 permitido el acceso o la utilizaci\u00f3n de la Web con fines ilegales o no autorizados, con o sin finalidad econ\u00f3mica. Su uso con dichos fines ser\u00e1 entera y exclusiva responsabilidad del usuario. Queda prohibido de manera enunciativa y no limitativa:<\/span><\/p>\n<ul style=\"text-align: left;\">\n<li style=\"font-weight: 400;\" aria-level=\"1\"><span style=\"font-weight: 400;\">Usar la Web de manera que pueda ocasionar da\u00f1os o interrupciones en su funcionamiento o en el ordenador de un tercero.<\/span><\/li>\n<li style=\"font-weight: 400;\" aria-level=\"1\"><span style=\"font-weight: 400;\">Usar la Web para instalar virus o archivos perjudiciales, atentando contra la legalidad, la buena fe, la moral y el orden p\u00fablico.<\/span><\/li>\n<li style=\"font-weight: 400;\" aria-level=\"1\"><span style=\"font-weight: 400;\">Usar la Web a fin de quebrantar o intentar quebrantar las medidas de seguridad de <\/span><b>LA SIRENA VERDE<\/b> <span style=\"font-weight: 400;\">en especial con el objetivo de acceder a los servidores de <\/span><b>LA SIRENA VERDE<\/b> <span style=\"font-weight: 400;\">y obtener o da\u00f1ar informaci\u00f3n de cualquier tipo, incluyendo la recolecci\u00f3n de datos personales de otros usuarios o clientes de <\/span><b>LA SIRENA VERDE<\/b><span style=\"font-weight: 400;\">.<\/span><\/li>\n<\/ul>\n<p style=\"text-align: left;\"><span style=\"font-weight: 400;\">En caso de incumplimiento de las obligaciones establecidas en el presente documento, <\/span><b>LA SIRENA VERDE<\/b> <span style=\"font-weight: 400;\">podr\u00e1 tomar las medidas legales oportunas frente al usuario infractor.<\/span><\/p>\n<h4 style=\"text-align: left;\"><b>POL\u00cdTICA SOBRE LAS <\/b><b><i>COOKIES<\/i><\/b><\/h4>\n<p style=\"text-align: left;\"><span style=\"font-weight: 400;\">El acceso a este Sitio Web puede implicar la utilizaci\u00f3n de <\/span><i><span style=\"font-weight: 400;\">cookies<\/span><\/i><span style=\"font-weight: 400;\">. Las <\/span><i><span style=\"font-weight: 400;\">cookies<\/span><\/i><span style=\"font-weight: 400;\"> son peque\u00f1as cantidades de informaci\u00f3n que se almacenan en el navegador utilizado por cada usuario para que el servidor recuerde cierta informaci\u00f3n que posteriormente el servidor que la implement\u00f3 leer\u00e1. Las <\/span><i><span style=\"font-weight: 400;\">cookies<\/span><\/i><span style=\"font-weight: 400;\"> tienen, generalmente, una duraci\u00f3n limitada en el tiempo. Aquellos usuarios que no deseen recibir <\/span><i><span style=\"font-weight: 400;\">cookies<\/span><\/i><span style=\"font-weight: 400;\"> o quieran ser informados de su fijaci\u00f3n pueden configurar su navegador a tal efecto.<\/span><\/p>\n<p style=\"text-align: left;\"><span style=\"font-weight: 400;\">Para mayor informaci\u00f3n, el usuario puede acceder en todo momento a la <\/span><span style=\"font-weight: 400;\">Pol\u00edtica de <\/span><i><span style=\"font-weight: 400;\">Cookies<\/span><\/i><span style=\"font-weight: 400;\"> de <\/span><b>LA SIRENA VERDE<\/b> <span style=\"font-weight: 400;\">ubicada en la Web.<\/span><\/p>\n<h4 style=\"text-align: left;\"><b>PROPIEDAD INTELECTUAL Y PROPIEDAD INDUSTRIAL<\/b><\/h4>\n<p style=\"text-align: left;\"><span style=\"font-weight: 400;\">Todos los contenidos desplegados en la Web, as\u00ed como los elementos que componen la presentaci\u00f3n de los mismos, tales como: diagramaci\u00f3n, tipograf\u00eda, dise\u00f1o, disposici\u00f3n de los colores, arte final, presentaci\u00f3n, apariencia externa, la propia plataforma, textos, fotograf\u00edas o ilustraciones, logos, marcas, grafismos, interfaces, audio, video, contenido multimedia o cualquier otra informaci\u00f3n o contenido, y los servicios disponibles a trav\u00e9s del mismo, son propiedad de <\/span><b>LA SIRENA VERDE<\/b> <span style=\"font-weight: 400;\">o en su caso, su uso ha sido debidamente autorizado por el correspondiente titular de derechos de propiedad intelectual y\/o industrial de los mencionados contenidos.<\/span><\/p>\n<p style=\"text-align: left;\"><span style=\"font-weight: 400;\">En ning\u00fan caso se entender\u00e1 que el acceso, navegaci\u00f3n y utilizaci\u00f3n de la Web por parte del usuario implica una renuncia, transmisi\u00f3n, licencia o cesi\u00f3n total o parcial de dichos derechos por parte de <\/span><b>LA SIRENA VERDE<\/b><span style=\"font-weight: 400;\">. El usuario dispone de un derecho de uso de los contenidos de la Web dentro de un \u00e1mbito estrictamente dom\u00e9stico y \u00fanicamente con la finalidad de usar la presente Web, de acuerdo con las presentes condiciones generales de uso.<\/span><\/p>\n<p style=\"text-align: left;\"><b>LA SIRENA VERDE<\/b><span style=\"font-weight: 400;\"> desautoriza y proh\u00edbe cualquier forma total o parcial de reproducci\u00f3n, distribuci\u00f3n, comunicaci\u00f3n p\u00fablica, descarga, difusi\u00f3n, venta, comercializaci\u00f3n y, en general, cualquier acto de explotaci\u00f3n de la totalidad o parte de los contenidos descritos anteriormente, a menos de que se cuente con la previa autorizaci\u00f3n escrita de<\/span> <b>LA SIRENA VERDE<\/b><span style=\"font-weight: 400;\">.<\/span><\/p>\n<h4 style=\"text-align: left;\"><b>ENLACES<\/b><\/h4>\n<p style=\"text-align: left;\"><span style=\"font-weight: 400;\">En el caso de que en la Web se incluyan enlaces o hiperv\u00ednculos hacia otros sitios de Internet, <\/span><b>LA SIRENA VERDE<\/b><span style=\"font-weight: 400;\"> no ejerce ning\u00fan tipo de control sobre dichos sitios y contenidos. En consecuencia, el usuario reconoce y acepta que <\/span><b>LA SIRENA VERDE<\/b><span style=\"font-weight: 400;\"> carece de responsabilidad alguna por los contenidos expuestos por los enlaces pertenecientes a un sitio web ajeno, ni garantiza la disponibilidad t\u00e9cnica, calidad, fiabilidad, exactitud, amplitud, veracidad, validez y constitucionalidad de cualquier materia o informaci\u00f3n contenida en ninguno de dichos hiperv\u00ednculos y otros sitios en Internet. <\/span> <\/p>\n<h4 style=\"text-align: left;\"><b>SUSPENSI\u00d3N DE LA WEB<\/b><\/h4>\n<p style=\"text-align: left;\"><b>LA SIRENA VERDE<\/b><span style=\"font-weight: 400;\"> podr\u00e1 suspender, modificar, o restringir, temporal o permanentemente, los accesos de navegaci\u00f3n y uso de la Web, sin notificaci\u00f3n previa.<\/span><\/p>\n<h4 style=\"text-align: left;\"><b>JURISDICCI\u00d3N Y LEGISLACI\u00d3N APLICABLE<\/b><\/h4>\n<p style=\"text-align: left;\"><span style=\"font-weight: 400;\">Las normas de las presentes condiciones generales se rigen por la Ley de Espa\u00f1a. Cualquier diferencia que pueda surgir en cuanto a la interpretaci\u00f3n, cumplimiento y\/o ejecuci\u00f3n, de las presentes normas se someter\u00e1n expresamente a la jurisdicci\u00f3n de los Jueces y Tribunales competentes de Madrid Capital, con renuncia expresa, a cualquier otro fuero.<\/span><\/p>\n<p style=\"text-align: left;\"><b>\u00daltima actualizaci\u00f3n: 14 de febrero de 2023.<\/b><\/p>\n\t\t\t\t\t\t\t\t<\/div>\n\t\t\t\t<\/div>\n\t\t\t\t\t<\/div>\n\t\t<\/div>\n\t\t\t\t\t<\/div>\n\t\t<\/section>\n\t\t\t\t<\/div>\n\t\t","protected":false},"excerpt":{"rendered":"<p>En cumplimiento de lo previsto en la Ley 34\/2002, de 11 de julio, de Servicios de la Sociedad de la Informaci\u00f3n y de Comercio Electr\u00f3nico y dem\u00e1s normativa aplicable, se establece que la p\u00e1gina web localizable bajo el dominio https:\/\/restaurantelasirenaverde.com (en adelante, la \u201cWeb\u201d), es propiedad de \u201cDRUG STORE GRAN VIA, S.L.\u201d, (en adelante, \u201cLA &#8230; <a title=\"Legal notice\" class=\"read-more\" href=\"https:\/\/restaurantelasirenaverde.com\/en\/legal-notice\/\" aria-label=\"Read more about Legal notice\">Read more<\/a><\/p>\n","protected":false},"author":1,"featured_media":0,"parent":0,"menu_order":0,"comment_status":"closed","ping_status":"closed","template":"elementor_header_footer","meta":{"footnotes":""},"class_list":["post-798","page","type-page","status-publish"],"yoast_head":"<!-- This site is optimized with the Yoast SEO plugin v27.4 - https:\/\/yoast.com\/product\/yoast-seo-wordpress\/ -->\n<title>Legal notice | La Sirena Verde<\/title>\n<meta name=\"robots\" content=\"noindex, follow\" \/>\n<meta property=\"og:locale\" content=\"en_US\" \/>\n<meta property=\"og:type\" content=\"article\" \/>\n<meta property=\"og:title\" content=\"Legal notice | La Sirena Verde\" \/>\n<meta property=\"og:description\" content=\"En cumplimiento de lo previsto en la Ley 34\/2002, de 11 de julio, de Servicios de la Sociedad de la Informaci\u00f3n y de Comercio Electr\u00f3nico y dem\u00e1s normativa aplicable, se establece que la p\u00e1gina web localizable bajo el dominio https:\/\/restaurantelasirenaverde.com (en adelante, la \u201cWeb\u201d), es propiedad de \u201cDRUG STORE GRAN VIA, S.L.\u201d, (en adelante, \u201cLA ... Read more\" \/>\n<meta property=\"og:url\" content=\"https:\/\/restaurantelasirenaverde.com\/en\/legal-notice\/\" \/>\n<meta property=\"og:site_name\" content=\"La Sirena Verde\" \/>\n<meta property=\"article:publisher\" content=\"https:\/\/www.facebook.com\/LaSirenaVerde\/\" \/>\n<meta property=\"og:image\" content=\"https:\/\/restaurantelasirenaverde.com\/wp-content\/uploads\/LaSirenaVerde_Restaurante-menus.webp\" \/>\n\t<meta property=\"og:image:width\" content=\"1629\" \/>\n\t<meta property=\"og:image:height\" content=\"780\" \/>\n\t<meta property=\"og:image:type\" content=\"image\/webp\" \/>\n<meta name=\"twitter:card\" content=\"summary_large_image\" \/>\n<meta name=\"twitter:label1\" content=\"Est. reading time\" \/>\n\t<meta name=\"twitter:data1\" content=\"6 minutes\" \/>\n<script type=\"application\/ld+json\" class=\"yoast-schema-graph\">{\"@context\":\"https:\\\/\\\/schema.org\",\"@graph\":[{\"@type\":\"WebPage\",\"@id\":\"https:\\\/\\\/restaurantelasirenaverde.com\\\/en\\\/legal-notice\\\/\",\"url\":\"https:\\\/\\\/restaurantelasirenaverde.com\\\/en\\\/legal-notice\\\/\",\"name\":\"Legal notice | La Sirena Verde\",\"isPartOf\":{\"@id\":\"https:\\\/\\\/restaurantelasirenaverde.com\\\/en\\\/#website\"},\"datePublished\":\"2023-02-28T09:18:12+00:00\",\"breadcrumb\":{\"@id\":\"https:\\\/\\\/restaurantelasirenaverde.com\\\/en\\\/legal-notice\\\/#breadcrumb\"},\"inLanguage\":\"en-US\",\"potentialAction\":[{\"@type\":\"ReadAction\",\"target\":[\"https:\\\/\\\/restaurantelasirenaverde.com\\\/en\\\/legal-notice\\\/\"]}]},{\"@type\":\"BreadcrumbList\",\"@id\":\"https:\\\/\\\/restaurantelasirenaverde.com\\\/en\\\/legal-notice\\\/#breadcrumb\",\"itemListElement\":[{\"@type\":\"ListItem\",\"position\":1,\"name\":\"Portada\",\"item\":\"https:\\\/\\\/restaurantelasirenaverde.com\\\/en\\\/\"},{\"@type\":\"ListItem\",\"position\":2,\"name\":\"Legal notice\"}]},{\"@type\":\"WebSite\",\"@id\":\"https:\\\/\\\/restaurantelasirenaverde.com\\\/en\\\/#website\",\"url\":\"https:\\\/\\\/restaurantelasirenaverde.com\\\/en\\\/\",\"name\":\"La Sirena Verde\",\"description\":\"Restaurante Marisquer\u00eda desde 1969 en el coraz\u00f3n de la Gran V\u00eda.\",\"publisher\":{\"@id\":\"https:\\\/\\\/restaurantelasirenaverde.com\\\/en\\\/#organization\"},\"potentialAction\":[{\"@type\":\"SearchAction\",\"target\":{\"@type\":\"EntryPoint\",\"urlTemplate\":\"https:\\\/\\\/restaurantelasirenaverde.com\\\/en\\\/?s={search_term_string}\"},\"query-input\":{\"@type\":\"PropertyValueSpecification\",\"valueRequired\":true,\"valueName\":\"search_term_string\"}}],\"inLanguage\":\"en-US\"},{\"@type\":\"Organization\",\"@id\":\"https:\\\/\\\/restaurantelasirenaverde.com\\\/en\\\/#organization\",\"name\":\"La Sirena Verde\",\"alternateName\":\"La Sirena Verde, Marisquer\u00eda en Madrid de Cocina Mediterr\u00e1nea y de Mariscos.\",\"url\":\"https:\\\/\\\/restaurantelasirenaverde.com\\\/en\\\/\",\"logo\":{\"@type\":\"ImageObject\",\"inLanguage\":\"en-US\",\"@id\":\"https:\\\/\\\/restaurantelasirenaverde.com\\\/en\\\/#\\\/schema\\\/logo\\\/image\\\/\",\"url\":\"https:\\\/\\\/restaurantelasirenaverde.com\\\/wp-content\\\/uploads\\\/LaSirenaVerde_Logo-removebg-preview.png\",\"contentUrl\":\"https:\\\/\\\/restaurantelasirenaverde.com\\\/wp-content\\\/uploads\\\/LaSirenaVerde_Logo-removebg-preview.png\",\"width\":272,\"height\":272,\"caption\":\"La Sirena Verde\"},\"image\":{\"@id\":\"https:\\\/\\\/restaurantelasirenaverde.com\\\/en\\\/#\\\/schema\\\/logo\\\/image\\\/\"},\"sameAs\":[\"https:\\\/\\\/www.facebook.com\\\/LaSirenaVerde\\\/\",\"https:\\\/\\\/www.instagram.com\\\/lasirenaverde\\\/\"]}]}<\/script>\n<!-- \/ Yoast SEO plugin. -->","yoast_head_json":{"title":"Legal notice | La Sirena Verde","robots":{"index":"noindex","follow":"follow"},"og_locale":"en_US","og_type":"article","og_title":"Legal notice | La Sirena Verde","og_description":"En cumplimiento de lo previsto en la Ley 34\/2002, de 11 de julio, de Servicios de la Sociedad de la Informaci\u00f3n y de Comercio Electr\u00f3nico y dem\u00e1s normativa aplicable, se establece que la p\u00e1gina web localizable bajo el dominio https:\/\/restaurantelasirenaverde.com (en adelante, la \u201cWeb\u201d), es propiedad de \u201cDRUG STORE GRAN VIA, S.L.\u201d, (en adelante, \u201cLA ... Read more","og_url":"https:\/\/restaurantelasirenaverde.com\/en\/legal-notice\/","og_site_name":"La Sirena Verde","article_publisher":"https:\/\/www.facebook.com\/LaSirenaVerde\/","og_image":[{"width":1629,"height":780,"url":"https:\/\/restaurantelasirenaverde.com\/wp-content\/uploads\/LaSirenaVerde_Restaurante-menus.webp","type":"image\/webp"}],"twitter_card":"summary_large_image","twitter_misc":{"Est. reading time":"6 minutes"},"schema":{"@context":"https:\/\/schema.org","@graph":[{"@type":"WebPage","@id":"https:\/\/restaurantelasirenaverde.com\/en\/legal-notice\/","url":"https:\/\/restaurantelasirenaverde.com\/en\/legal-notice\/","name":"Legal notice | La Sirena Verde","isPartOf":{"@id":"https:\/\/restaurantelasirenaverde.com\/en\/#website"},"datePublished":"2023-02-28T09:18:12+00:00","breadcrumb":{"@id":"https:\/\/restaurantelasirenaverde.com\/en\/legal-notice\/#breadcrumb"},"inLanguage":"en-US","potentialAction":[{"@type":"ReadAction","target":["https:\/\/restaurantelasirenaverde.com\/en\/legal-notice\/"]}]},{"@type":"BreadcrumbList","@id":"https:\/\/restaurantelasirenaverde.com\/en\/legal-notice\/#breadcrumb","itemListElement":[{"@type":"ListItem","position":1,"name":"Portada","item":"https:\/\/restaurantelasirenaverde.com\/en\/"},{"@type":"ListItem","position":2,"name":"Legal notice"}]},{"@type":"WebSite","@id":"https:\/\/restaurantelasirenaverde.com\/en\/#website","url":"https:\/\/restaurantelasirenaverde.com\/en\/","name":"La Sirena Verde","description":"Restaurante Marisquer\u00eda desde 1969 en el coraz\u00f3n de la Gran V\u00eda.","publisher":{"@id":"https:\/\/restaurantelasirenaverde.com\/en\/#organization"},"potentialAction":[{"@type":"SearchAction","target":{"@type":"EntryPoint","urlTemplate":"https:\/\/restaurantelasirenaverde.com\/en\/?s={search_term_string}"},"query-input":{"@type":"PropertyValueSpecification","valueRequired":true,"valueName":"search_term_string"}}],"inLanguage":"en-US"},{"@type":"Organization","@id":"https:\/\/restaurantelasirenaverde.com\/en\/#organization","name":"La Sirena Verde","alternateName":"La Sirena Verde, Marisquer\u00eda en Madrid de Cocina Mediterr\u00e1nea y de Mariscos.","url":"https:\/\/restaurantelasirenaverde.com\/en\/","logo":{"@type":"ImageObject","inLanguage":"en-US","@id":"https:\/\/restaurantelasirenaverde.com\/en\/#\/schema\/logo\/image\/","url":"https:\/\/restaurantelasirenaverde.com\/wp-content\/uploads\/LaSirenaVerde_Logo-removebg-preview.png","contentUrl":"https:\/\/restaurantelasirenaverde.com\/wp-content\/uploads\/LaSirenaVerde_Logo-removebg-preview.png","width":272,"height":272,"caption":"La Sirena Verde"},"image":{"@id":"https:\/\/restaurantelasirenaverde.com\/en\/#\/schema\/logo\/image\/"},"sameAs":["https:\/\/www.facebook.com\/LaSirenaVerde\/","https:\/\/www.instagram.com\/lasirenaverde\/"]}]}},"_links":{"self":[{"href":"https:\/\/restaurantelasirenaverde.com\/en\/wp-json\/wp\/v2\/pages\/798","targetHints":{"allow":["GET"]}}],"collection":[{"href":"https:\/\/restaurantelasirenaverde.com\/en\/wp-json\/wp\/v2\/pages"}],"about":[{"href":"https:\/\/restaurantelasirenaverde.com\/en\/wp-json\/wp\/v2\/types\/page"}],"author":[{"embeddable":true,"href":"https:\/\/restaurantelasirenaverde.com\/en\/wp-json\/wp\/v2\/users\/1"}],"replies":[{"embeddable":true,"href":"https:\/\/restaurantelasirenaverde.com\/en\/wp-json\/wp\/v2\/comments?post=798"}],"version-history":[{"count":3,"href":"https:\/\/restaurantelasirenaverde.com\/en\/wp-json\/wp\/v2\/pages\/798\/revisions"}],"predecessor-version":[{"id":801,"href":"https:\/\/restaurantelasirenaverde.com\/en\/wp-json\/wp\/v2\/pages\/798\/revisions\/801"}],"wp:attachment":[{"href":"https:\/\/restaurantelasirenaverde.com\/en\/wp-json\/wp\/v2\/media?parent=798"}],"curies":[{"name":"wp","href":"https:\/\/api.w.org\/{rel}","templated":true}]}}