{"id":804,"date":"2023-02-28T10:24:04","date_gmt":"2023-02-28T09:24:04","guid":{"rendered":"https:\/\/restaurantelasirenaverde.com\/privacy-policy\/"},"modified":"2023-02-28T10:24:04","modified_gmt":"2023-02-28T09:24:04","slug":"privacy-policy","status":"publish","type":"page","link":"https:\/\/restaurantelasirenaverde.com\/en\/privacy-policy\/","title":{"rendered":"Privacy policy"},"content":{"rendered":"\t\t<div data-elementor-type=\"wp-page\" data-elementor-id=\"804\" class=\"elementor elementor-804 elementor-3\" data-elementor-post-type=\"page\">\n\t\t\t\t\t\t<section class=\"elementor-section elementor-top-section elementor-element elementor-element-78450eb6 elementor-section-boxed elementor-section-height-default elementor-section-height-default\" data-id=\"78450eb6\" data-element_type=\"section\" data-e-type=\"section\">\n\t\t\t\t\t\t<div class=\"elementor-container elementor-column-gap-default\">\n\t\t\t\t\t<div class=\"elementor-column elementor-col-100 elementor-top-column elementor-element elementor-element-3ba385d7\" data-id=\"3ba385d7\" data-element_type=\"column\" data-e-type=\"column\">\n\t\t\t<div class=\"elementor-widget-wrap elementor-element-populated\">\n\t\t\t\t\t\t<div class=\"elementor-element elementor-element-83381db elementor-widget elementor-widget-heading\" data-id=\"83381db\" data-element_type=\"widget\" data-e-type=\"widget\" data-widget_type=\"heading.default\">\n\t\t\t\t<div class=\"elementor-widget-container\">\n\t\t\t\t\t<h1 class=\"elementor-heading-title elementor-size-default\">Privacy policy<\/h1>\t\t\t\t<\/div>\n\t\t\t\t<\/div>\n\t\t\t\t<div class=\"elementor-element elementor-element-ce34084 elementor-widget-divider--view-line elementor-widget elementor-widget-divider\" data-id=\"ce34084\" data-element_type=\"widget\" data-e-type=\"widget\" data-widget_type=\"divider.default\">\n\t\t\t\t<div class=\"elementor-widget-container\">\n\t\t\t\t\t\t\t<div class=\"elementor-divider\">\n\t\t\t<span class=\"elementor-divider-separator\">\n\t\t\t\t\t\t<\/span>\n\t\t<\/div>\n\t\t\t\t\t\t<\/div>\n\t\t\t\t<\/div>\n\t\t\t\t<div class=\"elementor-element elementor-element-d36e59f elementor-widget elementor-widget-text-editor\" data-id=\"d36e59f\" data-element_type=\"widget\" data-e-type=\"widget\" data-widget_type=\"text-editor.default\">\n\t\t\t\t<div class=\"elementor-widget-container\">\n\t\t\t\t\t\t\t\t\t<p style=\"text-align: left;\"><span style=\"font-weight: 400;\">La presente pol\u00edtica de privacidad est\u00e1 dirigida y se aplica a los usuarios e interesados que visitan el <\/span>sitio web <a href=\"https:\/\/restaurantelasirenaverde.com\/en\/\">https:\/\/restaurantelasirenaverde.com<\/a> <span style=\"font-weight: 400;\">(en adelante, el \u201cSitio Web\u201d) propiedad de \u201cDRUG STORE GRAN VIA, S.L.\u201d, (en adelante, \u201c<\/span><b>LA SIRENA VERDE<\/b><span style=\"font-weight: 400;\">\u201d). Solo ser\u00e1 de aplicaci\u00f3n a la informaci\u00f3n recogida por <\/span><b>LA SIRENA VERDE<\/b><span style=\"font-weight: 400;\"> a trav\u00e9s de nuestro Sitio Web y no se extiende a ninguna otra p\u00e1gina que pueda estar vinculada. <\/span> <\/p>\n<p style=\"text-align: left;\"><span style=\"font-weight: 400;\">Los datos de contacto de la empresa que es Responsable del tratamiento de los datos son los siguientes:<\/span><\/p>\n<ul style=\"text-align: left;\">\n<li style=\"text-align: left;\"><span style=\"font-weight: 400;\">Empresa: \u201cDRUG STORE GRAN VIA, S.L.\u201d<\/span><\/li>\n<li style=\"text-align: left;\"><span style=\"font-weight: 400;\">N.I.F.: A-28178838<\/span><\/li>\n<li style=\"text-align: left;\"><span style=\"font-weight: 400;\">Direcci\u00f3n: Calle Gran V\u00eda, 62, 28013 Madrid (Espa\u00f1a)<\/span><\/li>\n<\/ul>\n<h4 style=\"text-align: left;\"><b>\u00bfCU\u00c1L ES LA LEGITIMACI\u00d3N PARA EL TRATAMIENTO?<\/b><\/h4>\n<p style=\"text-align: left;\"><span style=\"font-weight: 400;\">Utilizamos tus datos personales atendiendo al consentimiento obtenido del interesado para atender tus solicitudes de informaci\u00f3n, gesti\u00f3n y planificaci\u00f3n de reservas, incluido el posible env\u00edo de comunicaciones comerciales previo consentimiento. <\/span><\/p>\n<h4 style=\"text-align: left;\"><b>\u00bfCU\u00c1LES SON LOS FINES DEL TRATAMIENTO?<\/b><\/h4>\n<p style=\"text-align: left;\"><b>LA SIRENA VERDE<\/b><span style=\"font-weight: 400;\"> trata la informaci\u00f3n que les facilitan las personas interesadas con el fin de gestionar el servicio solicitado (gesti\u00f3n y planificaci\u00f3n de reservas), as\u00ed como la gesti\u00f3n del posible env\u00edo de comunicaciones comerciales por cualquier v\u00eda, con la intenci\u00f3n de mantenerle informado de nuestros servicios similares a los solicitados, incluyendo el env\u00edo de la correspondiente informaci\u00f3n que nos solicite. <\/span><\/p>\n<p style=\"text-align: left;\"><span style=\"font-weight: 400;\">Atendiendo a la naturaleza de los servicios ofertados, no cabe la toma decisiones automatizadas.<\/span><\/p>\n<h4 style=\"text-align: left;\"><b>\u00bfCU\u00c1LES SON LOS DERECHOS DE LOS USUARIOS?<\/b><\/h4>\n<p style=\"text-align: left;\"><span style=\"font-weight: 400;\">En cualquier momento podr\u00e1:<\/span><\/p>\n<ul style=\"text-align: left;\">\n<li style=\"font-weight: 400;\" aria-level=\"1\"><span style=\"font-weight: 400;\">Saber si tratamos tus datos personales y acceder a ellos, as\u00ed como conocer los fines del tratamiento; las categor\u00edas de los datos que se tratan; los destinatarios o las categor\u00edas de destinatarios a los que se han comunicado o ser\u00e1n comunicados; de ser posible, el plazo previsto de conservaci\u00f3n de los datos personales o, de no ser posible, los criterios utilizados para determinar este plazo. <\/span><\/li>\n<li style=\"font-weight: 400;\" aria-level=\"1\"><span style=\"font-weight: 400;\">Rectificar tus datos personales que sean inexactos o est\u00e9n incompletos.<\/span><\/li>\n<li style=\"font-weight: 400;\" aria-level=\"1\"><span style=\"font-weight: 400;\">Suprimir tus datos personales cuando los datos ya no sean necesarios para los fines que fueron recogidos, o cuando retires tu consentimiento y el tratamiento no se base en otro fundamento jur\u00eddico.<\/span><\/li>\n<li style=\"font-weight: 400;\" aria-level=\"1\"><span style=\"font-weight: 400;\">En determinadas circunstancias, limitar el tratamiento de tus datos personales, en cuyo caso \u00fanicamente los conservaremos para el ejercicio o la defensa de reclamaciones.<\/span><\/li>\n<li style=\"font-weight: 400;\" aria-level=\"1\"><span style=\"font-weight: 400;\">Recibir los datos que le conciernen en un formato estructurado, de uso com\u00fan y lectura mec\u00e1nica, y a transmitirlos a otro responsable cuando el tratamiento se base en el consentimiento o en un contrato, y se efect\u00fae por medios automatizados.<\/span><\/li>\n<li style=\"font-weight: 400;\" aria-level=\"1\"><span style=\"font-weight: 400;\">Oponerse al tratamiento de tus datos personales cuando sean objeto de un tratamiento basado en el inter\u00e9s p\u00fablico o leg\u00edtimo perseguido por <\/span><b>BIG IDEA<\/b><span style=\"font-weight: 400;\">. En este caso, la entidad, dejar\u00e1 de tratar los datos, salvo por motivos leg\u00edtimos imperiosos, o el ejercicio o la defensa de posibles reclamaciones.<\/span><\/li>\n<\/ul>\n<p style=\"text-align: left;\"><span style=\"font-weight: 400;\">Dichas acciones podr\u00e1n ejercerse enviando una solicitud expresa e inequ\u00edvoca, en la que se incluya su nombre y apellidos, fotocopia de su D.N.I. o documento oficial que le acredite, por correo postal a la atenci\u00f3n del Departamento de Atenci\u00f3n al Cliente, sito en la Calle Gran V\u00eda, 62, 28013 Madrid (Espa\u00f1a), indicando en ambos casos, \u201cEjercicio de Derechos\u201d como asunto.<\/span><\/p>\n<p style=\"text-align: left;\"><span style=\"font-weight: 400;\">Sin perjuicio de los derechos ahora mencionados, los usuarios e interesados tienen derecho a retirar el consentimiento en cualquier momento, sin que ello afecte a la licitud del tratamiento basado en el consentimiento previo a su retirada. Tambi\u00e9n tendr\u00e1n derecho a realizar las reclamaciones que consideren pertinentes ante la autoridad de control correspondiente.<\/span><\/p>\n<p style=\"text-align: left;\"><span style=\"font-weight: 400;\">Adicionalmente, te informamos que puedes dirigirte a la Agencia Espa\u00f1ola de Protecci\u00f3n de Datos para obtener informaci\u00f3n adicional acerca de tus derechos, as\u00ed como el derecho a presentar una reclamaci\u00f3n ante la Agencia Espa\u00f1ola de Protecci\u00f3n de Datos (<\/span><a href=\"http:\/\/www.aepd.es\"><span style=\"font-weight: 400;\">www.aepd.es<\/span><\/a><span style=\"font-weight: 400;\">) si considera que el tratamiento de sus datos personales no se ajusta a la normativa vigente.<\/span><\/p>\n<h4 style=\"text-align: left;\"><b>\u00bfCU\u00c1LES SON LOS DESTINATARIOS DE LOS DATOS?<\/b><\/h4>\n<p style=\"text-align: left;\"><span style=\"font-weight: 400;\">Durante el periodo de duraci\u00f3n del tratamiento, <\/span><b>LA SIRENA VERDE<\/b> <span style=\"font-weight: 400;\">comunicar\u00e1 los datos de car\u00e1cter personal necesarios a las organizaciones o personas directamente relacionadas con el responsable, as\u00ed como por obligaci\u00f3n legal.<\/span><\/p>\n<p style=\"text-align: left;\"><span style=\"font-weight: 400;\">Tambi\u00e9n se podr\u00e1n transmitir determinados datos a los colaboradores que participen en la gesti\u00f3n de la relaci\u00f3n que usted mantiene con nosotros.<\/span><\/p>\n<p style=\"text-align: left;\"><span style=\"font-weight: 400;\">Cuando los datos de car\u00e1cter personal provengan de un cliente de <\/span><b>LA SIRENA VERDE<\/b><span style=\"font-weight: 400;\">, \u00fanicamente los trataremos como encargado de tratamiento, siendo el responsable del tratamiento su cliente. Obteniendo este \u00faltimo el consentimiento que da el interesado a la cesi\u00f3n de dichos datos.<\/span><\/p>\n<h4 style=\"text-align: left;\"><b>\u00bfCU\u00c1L ES EL PLAZOS DE CONSERVACI\u00d3N DE LOS DATOS?<\/b><\/h4>\n<p style=\"text-align: left;\"><span style=\"font-weight: 400;\">Los datos personales proporcionados por los usuarios o interesados se conservar\u00e1n para atender las solicitudes de informaci\u00f3n, comunicaciones comerciales hasta retirar su consentimiento o hasta la finalizaci\u00f3n de la prestaci\u00f3n de los servicios de gesti\u00f3n y planificaci\u00f3n de reservas con <\/span><b>LA SIRENA VERDE<\/b><span style=\"font-weight: 400;\">,<\/span><span style=\"font-weight: 400;\"> as\u00ed como para atender las responsabilidades que se pudieran derivar del mismo o durante los plazos establecidos para cumplir con las obligaciones legales. <\/span><\/p>\n<h4 style=\"text-align: left;\"><b>\u00bfEXISTE TRANSFERENCIAS DE DATOS A TERCEROS PA\u00cdSES?<\/b><\/h4>\n<p style=\"text-align: left;\"><span style=\"font-weight: 400;\">No est\u00e1n previstas transferencias de datos a terceros pa\u00edses.<\/span><\/p>\n<h4 style=\"text-align: left;\"><b>SEGURIDAD<\/b><\/h4>\n<p style=\"text-align: left;\"><b>LA SIRENA VERDE<\/b> <span style=\"font-weight: 400;\">ha adoptado y mantiene las medidas de seguridad t\u00e9cnicas y organizativas necesarias para proteger la informaci\u00f3n personal que los usuarios proporcionan para evitar as\u00ed su alteraci\u00f3n, p\u00e9rdida, tratamiento o acceso no autorizado, habida cuenta del estado de la tecnolog\u00eda, naturaleza de los datos almacenados y los riesgos a los que est\u00e1n expuestos.<\/span><\/p>\n<p style=\"text-align: left;\"><span style=\"font-weight: 400;\">Sin embargo, recuerda que ninguna transmisi\u00f3n de Internet es 100% segura y que tampoco los datos guardados son invulnerables. No podemos garantizar de forma absoluta la seguridad de nuestro Sitio Web, bases de datos o servicios, as\u00ed como tampoco podemos garantizar que la informaci\u00f3n que nos env\u00ede no sea interceptada mientras nos la est\u00e1 transmitiendo a trav\u00e9s de Internet. No somos responsables de las acciones de terceros.<\/span><\/p>\n<h4 style=\"text-align: left;\"><b>MODIFICACIONES DE LA POL\u00cdTICA DE PRIVACIDAD<\/b><\/h4>\n<p style=\"text-align: left;\"><b>LA SIRENA VERDE<\/b> <span style=\"font-weight: 400;\">se reserva el derecho de modificar, cambiar o actualizar de cualquier forma esta Pol\u00edtica de Privacidad, en casos de modificaciones normativas. Te invitamos a que consulte peri\u00f3dicamente esta Pol\u00edtica de Privacidad para mantenerte informado acerca de c\u00f3mo protegemos y gestionamos los datos de car\u00e1cter personal que recogemos.<\/span><\/p>\n<p style=\"text-align: left;\"><b>\u00daltima actualizaci\u00f3n: 14 de febrero de 2023.<\/b><\/p>\n\t\t\t\t\t\t\t\t<\/div>\n\t\t\t\t<\/div>\n\t\t\t\t\t<\/div>\n\t\t<\/div>\n\t\t\t\t\t<\/div>\n\t\t<\/section>\n\t\t\t\t<\/div>\n\t\t","protected":false},"excerpt":{"rendered":"<p>La presente pol\u00edtica de privacidad est\u00e1 dirigida y se aplica a los usuarios e interesados que visitan el sitio web https:\/\/restaurantelasirenaverde.com (en adelante, el \u201cSitio Web\u201d) propiedad de \u201cDRUG STORE GRAN VIA, S.L.\u201d, (en adelante, \u201cLA SIRENA VERDE\u201d). Solo ser\u00e1 de aplicaci\u00f3n a la informaci\u00f3n recogida por LA SIRENA VERDE a trav\u00e9s de nuestro Sitio &#8230; <a title=\"Privacy policy\" class=\"read-more\" href=\"https:\/\/restaurantelasirenaverde.com\/en\/privacy-policy\/\" aria-label=\"Read more about Privacy policy\">Read more<\/a><\/p>\n","protected":false},"author":1,"featured_media":0,"parent":0,"menu_order":0,"comment_status":"closed","ping_status":"open","template":"elementor_header_footer","meta":{"footnotes":""},"class_list":["post-804","page","type-page","status-publish"],"yoast_head":"<!-- This site is optimized with the Yoast SEO plugin v27.2 - https:\/\/yoast.com\/product\/yoast-seo-wordpress\/ -->\n<title>Privacy policy | La Sirena Verde<\/title>\n<meta name=\"robots\" content=\"noindex, follow\" \/>\n<meta property=\"og:locale\" content=\"en_US\" \/>\n<meta property=\"og:type\" content=\"article\" \/>\n<meta property=\"og:title\" content=\"Privacy policy | La Sirena Verde\" \/>\n<meta property=\"og:description\" content=\"La presente pol\u00edtica de privacidad est\u00e1 dirigida y se aplica a los usuarios e interesados que visitan el sitio web https:\/\/restaurantelasirenaverde.com (en adelante, el \u201cSitio Web\u201d) propiedad de \u201cDRUG STORE GRAN VIA, S.L.\u201d, (en adelante, \u201cLA SIRENA VERDE\u201d). Solo ser\u00e1 de aplicaci\u00f3n a la informaci\u00f3n recogida por LA SIRENA VERDE a trav\u00e9s de nuestro Sitio ... Read more\" \/>\n<meta property=\"og:url\" content=\"https:\/\/restaurantelasirenaverde.com\/en\/privacy-policy\/\" \/>\n<meta property=\"og:site_name\" content=\"La Sirena Verde\" \/>\n<meta property=\"article:publisher\" content=\"https:\/\/www.facebook.com\/LaSirenaVerde\/\" \/>\n<meta property=\"og:image\" content=\"https:\/\/restaurantelasirenaverde.com\/wp-content\/uploads\/LaSirenaVerde_Restaurante-menus.webp\" \/>\n\t<meta property=\"og:image:width\" content=\"1629\" \/>\n\t<meta property=\"og:image:height\" content=\"780\" \/>\n\t<meta property=\"og:image:type\" content=\"image\/webp\" \/>\n<meta name=\"twitter:card\" content=\"summary_large_image\" \/>\n<meta name=\"twitter:label1\" content=\"Est. reading time\" \/>\n\t<meta name=\"twitter:data1\" content=\"5 minutes\" \/>\n<script type=\"application\/ld+json\" class=\"yoast-schema-graph\">{\"@context\":\"https:\/\/schema.org\",\"@graph\":[{\"@type\":\"WebPage\",\"@id\":\"https:\/\/restaurantelasirenaverde.com\/en\/privacy-policy\/\",\"url\":\"https:\/\/restaurantelasirenaverde.com\/en\/privacy-policy\/\",\"name\":\"Privacy policy | La Sirena Verde\",\"isPartOf\":{\"@id\":\"https:\/\/restaurantelasirenaverde.com\/en\/#website\"},\"datePublished\":\"2023-02-28T09:24:04+00:00\",\"breadcrumb\":{\"@id\":\"https:\/\/restaurantelasirenaverde.com\/en\/privacy-policy\/#breadcrumb\"},\"inLanguage\":\"en-US\",\"potentialAction\":[{\"@type\":\"ReadAction\",\"target\":[\"https:\/\/restaurantelasirenaverde.com\/en\/privacy-policy\/\"]}]},{\"@type\":\"BreadcrumbList\",\"@id\":\"https:\/\/restaurantelasirenaverde.com\/en\/privacy-policy\/#breadcrumb\",\"itemListElement\":[{\"@type\":\"ListItem\",\"position\":1,\"name\":\"Portada\",\"item\":\"https:\/\/restaurantelasirenaverde.com\/en\/\"},{\"@type\":\"ListItem\",\"position\":2,\"name\":\"Privacy policy\"}]},{\"@type\":\"WebSite\",\"@id\":\"https:\/\/restaurantelasirenaverde.com\/en\/#website\",\"url\":\"https:\/\/restaurantelasirenaverde.com\/en\/\",\"name\":\"La Sirena Verde\",\"description\":\"Restaurante Marisquer\u00eda desde 1969 en el coraz\u00f3n de la Gran V\u00eda.\",\"publisher\":{\"@id\":\"https:\/\/restaurantelasirenaverde.com\/en\/#organization\"},\"potentialAction\":[{\"@type\":\"SearchAction\",\"target\":{\"@type\":\"EntryPoint\",\"urlTemplate\":\"https:\/\/restaurantelasirenaverde.com\/en\/?s={search_term_string}\"},\"query-input\":{\"@type\":\"PropertyValueSpecification\",\"valueRequired\":true,\"valueName\":\"search_term_string\"}}],\"inLanguage\":\"en-US\"},{\"@type\":\"Organization\",\"@id\":\"https:\/\/restaurantelasirenaverde.com\/en\/#organization\",\"name\":\"La Sirena Verde\",\"alternateName\":\"La Sirena Verde, Marisquer\u00eda en Madrid de Cocina Mediterr\u00e1nea y de Mariscos.\",\"url\":\"https:\/\/restaurantelasirenaverde.com\/en\/\",\"logo\":{\"@type\":\"ImageObject\",\"inLanguage\":\"en-US\",\"@id\":\"https:\/\/restaurantelasirenaverde.com\/en\/#\/schema\/logo\/image\/\",\"url\":\"https:\/\/restaurantelasirenaverde.com\/wp-content\/uploads\/LaSirenaVerde_Logo-removebg-preview.png\",\"contentUrl\":\"https:\/\/restaurantelasirenaverde.com\/wp-content\/uploads\/LaSirenaVerde_Logo-removebg-preview.png\",\"width\":272,\"height\":272,\"caption\":\"La Sirena Verde\"},\"image\":{\"@id\":\"https:\/\/restaurantelasirenaverde.com\/en\/#\/schema\/logo\/image\/\"},\"sameAs\":[\"https:\/\/www.facebook.com\/LaSirenaVerde\/\",\"https:\/\/www.instagram.com\/lasirenaverde\/\"]}]}<\/script>\n<!-- \/ Yoast SEO plugin. -->","yoast_head_json":{"title":"Privacy policy | La Sirena Verde","robots":{"index":"noindex","follow":"follow"},"og_locale":"en_US","og_type":"article","og_title":"Privacy policy | La Sirena Verde","og_description":"La presente pol\u00edtica de privacidad est\u00e1 dirigida y se aplica a los usuarios e interesados que visitan el sitio web https:\/\/restaurantelasirenaverde.com (en adelante, el \u201cSitio Web\u201d) propiedad de \u201cDRUG STORE GRAN VIA, S.L.\u201d, (en adelante, \u201cLA SIRENA VERDE\u201d). Solo ser\u00e1 de aplicaci\u00f3n a la informaci\u00f3n recogida por LA SIRENA VERDE a trav\u00e9s de nuestro Sitio ... Read more","og_url":"https:\/\/restaurantelasirenaverde.com\/en\/privacy-policy\/","og_site_name":"La Sirena Verde","article_publisher":"https:\/\/www.facebook.com\/LaSirenaVerde\/","og_image":[{"width":1629,"height":780,"url":"https:\/\/restaurantelasirenaverde.com\/wp-content\/uploads\/LaSirenaVerde_Restaurante-menus.webp","type":"image\/webp"}],"twitter_card":"summary_large_image","twitter_misc":{"Est. reading time":"5 minutes"},"schema":{"@context":"https:\/\/schema.org","@graph":[{"@type":"WebPage","@id":"https:\/\/restaurantelasirenaverde.com\/en\/privacy-policy\/","url":"https:\/\/restaurantelasirenaverde.com\/en\/privacy-policy\/","name":"Privacy policy | La Sirena Verde","isPartOf":{"@id":"https:\/\/restaurantelasirenaverde.com\/en\/#website"},"datePublished":"2023-02-28T09:24:04+00:00","breadcrumb":{"@id":"https:\/\/restaurantelasirenaverde.com\/en\/privacy-policy\/#breadcrumb"},"inLanguage":"en-US","potentialAction":[{"@type":"ReadAction","target":["https:\/\/restaurantelasirenaverde.com\/en\/privacy-policy\/"]}]},{"@type":"BreadcrumbList","@id":"https:\/\/restaurantelasirenaverde.com\/en\/privacy-policy\/#breadcrumb","itemListElement":[{"@type":"ListItem","position":1,"name":"Portada","item":"https:\/\/restaurantelasirenaverde.com\/en\/"},{"@type":"ListItem","position":2,"name":"Privacy policy"}]},{"@type":"WebSite","@id":"https:\/\/restaurantelasirenaverde.com\/en\/#website","url":"https:\/\/restaurantelasirenaverde.com\/en\/","name":"La Sirena Verde","description":"Restaurante Marisquer\u00eda desde 1969 en el coraz\u00f3n de la Gran V\u00eda.","publisher":{"@id":"https:\/\/restaurantelasirenaverde.com\/en\/#organization"},"potentialAction":[{"@type":"SearchAction","target":{"@type":"EntryPoint","urlTemplate":"https:\/\/restaurantelasirenaverde.com\/en\/?s={search_term_string}"},"query-input":{"@type":"PropertyValueSpecification","valueRequired":true,"valueName":"search_term_string"}}],"inLanguage":"en-US"},{"@type":"Organization","@id":"https:\/\/restaurantelasirenaverde.com\/en\/#organization","name":"La Sirena Verde","alternateName":"La Sirena Verde, Marisquer\u00eda en Madrid de Cocina Mediterr\u00e1nea y de Mariscos.","url":"https:\/\/restaurantelasirenaverde.com\/en\/","logo":{"@type":"ImageObject","inLanguage":"en-US","@id":"https:\/\/restaurantelasirenaverde.com\/en\/#\/schema\/logo\/image\/","url":"https:\/\/restaurantelasirenaverde.com\/wp-content\/uploads\/LaSirenaVerde_Logo-removebg-preview.png","contentUrl":"https:\/\/restaurantelasirenaverde.com\/wp-content\/uploads\/LaSirenaVerde_Logo-removebg-preview.png","width":272,"height":272,"caption":"La Sirena Verde"},"image":{"@id":"https:\/\/restaurantelasirenaverde.com\/en\/#\/schema\/logo\/image\/"},"sameAs":["https:\/\/www.facebook.com\/LaSirenaVerde\/","https:\/\/www.instagram.com\/lasirenaverde\/"]}]}},"_links":{"self":[{"href":"https:\/\/restaurantelasirenaverde.com\/en\/wp-json\/wp\/v2\/pages\/804","targetHints":{"allow":["GET"]}}],"collection":[{"href":"https:\/\/restaurantelasirenaverde.com\/en\/wp-json\/wp\/v2\/pages"}],"about":[{"href":"https:\/\/restaurantelasirenaverde.com\/en\/wp-json\/wp\/v2\/types\/page"}],"author":[{"embeddable":true,"href":"https:\/\/restaurantelasirenaverde.com\/en\/wp-json\/wp\/v2\/users\/1"}],"replies":[{"embeddable":true,"href":"https:\/\/restaurantelasirenaverde.com\/en\/wp-json\/wp\/v2\/comments?post=804"}],"version-history":[{"count":3,"href":"https:\/\/restaurantelasirenaverde.com\/en\/wp-json\/wp\/v2\/pages\/804\/revisions"}],"predecessor-version":[{"id":807,"href":"https:\/\/restaurantelasirenaverde.com\/en\/wp-json\/wp\/v2\/pages\/804\/revisions\/807"}],"wp:attachment":[{"href":"https:\/\/restaurantelasirenaverde.com\/en\/wp-json\/wp\/v2\/media?parent=804"}],"curies":[{"name":"wp","href":"https:\/\/api.w.org\/{rel}","templated":true}]}}